{"id":19172,"date":"2023-09-14T12:23:35","date_gmt":"2023-09-14T12:23:35","guid":{"rendered":"https:\/\/hoeddelbusch.de\/?page_id=19172"},"modified":"2024-04-03T10:34:14","modified_gmt":"2024-04-03T10:34:14","slug":"imprint-privacy-policy","status":"publish","type":"page","link":"https:\/\/hoeddelbusch.de\/en\/imprint-privacy-policy\/","title":{"rendered":"Imprint &#038; Privacy Policy"},"content":{"rendered":"\t\t<div data-elementor-type=\"wp-page\" data-elementor-id=\"19172\" class=\"elementor elementor-19172 elementor-18716\">\n\t\t\t\t\t\t\t\t\t<section class=\"elementor-section elementor-top-section elementor-element elementor-element-5ce860d elementor-section-full_width elementor-section-stretched elementor-section-height-default elementor-section-height-default sc_fly_static\" data-id=\"5ce860d\" data-element_type=\"section\" data-settings=\"{&quot;background_background&quot;:&quot;classic&quot;,&quot;stretch_section&quot;:&quot;section-stretched&quot;}\">\n\t\t\t\t\t\t<div class=\"elementor-container elementor-column-gap-extended\">\n\t\t\t\t\t<div class=\"elementor-column elementor-col-100 elementor-top-column elementor-element elementor-element-36bbf9a sc_inner_width_none sc_content_align_inherit sc_layouts_column_icons_position_left sc_fly_static\" data-id=\"36bbf9a\" data-element_type=\"column\">\n\t\t\t<div class=\"elementor-widget-wrap elementor-element-populated\">\n\t\t\t\t\t\t\t\t<div class=\"elementor-element elementor-element-2c41ddf sc_height_huge sc_fly_static elementor-widget elementor-widget-spacer\" data-id=\"2c41ddf\" data-element_type=\"widget\" data-widget_type=\"spacer.default\">\n\t\t\t\t<div class=\"elementor-widget-container\">\n\t\t\t\t\t<div class=\"elementor-spacer\">\n\t\t\t<div class=\"elementor-spacer-inner\"><\/div>\n\t\t<\/div>\n\t\t\t\t<\/div>\n\t\t\t\t<\/div>\n\t\t\t\t\t<\/div>\n\t\t<\/div>\n\t\t\t\t\t\t\t<\/div>\n\t\t<\/section>\n\t\t\t\t<section class=\"elementor-section elementor-top-section elementor-element elementor-element-8302000 elementor-section-stretched elementor-section-content-top elementor-section-boxed elementor-section-height-default elementor-section-height-default sc_fly_static\" data-id=\"8302000\" data-element_type=\"section\" data-settings=\"{&quot;stretch_section&quot;:&quot;section-stretched&quot;,&quot;background_background&quot;:&quot;classic&quot;}\">\n\t\t\t\t\t\t<div class=\"elementor-container elementor-column-gap-extended\">\n\t\t\t\t\t<div class=\"elementor-column elementor-col-50 elementor-top-column elementor-element elementor-element-ee1964b sc_inner_width_none sc_content_align_inherit sc_layouts_column_icons_position_left sc_fly_static\" data-id=\"ee1964b\" data-element_type=\"column\">\n\t\t\t<div class=\"elementor-widget-wrap elementor-element-populated\">\n\t\t\t\t\t\t\t\t<div class=\"elementor-element elementor-element-6453a73 sc_fly_static elementor-widget elementor-widget-trx_sc_title\" data-id=\"6453a73\" data-element_type=\"widget\" data-widget_type=\"trx_sc_title.default\">\n\t\t\t\t<div class=\"elementor-widget-container\">\n\t\t\t<div\t\tclass=\"sc_title sc_title_default\" ><h2 class=\"sc_item_title sc_title_title sc_item_title_style_default sc_item_title_tag trx_addons_inline_2066986568\"\n\t\t\t><span class=\"sc_item_title_text\">Imprint<\/span><\/h2><\/div>\t\t<\/div>\n\t\t\t\t<\/div>\n\t\t\t\t<div class=\"elementor-element elementor-element-e6289e5 sc_fly_static elementor-widget elementor-widget-trx_sc_title\" data-id=\"e6289e5\" data-element_type=\"widget\" data-widget_type=\"trx_sc_title.default\">\n\t\t\t\t<div class=\"elementor-widget-container\">\n\t\t\t<div\t\tclass=\"sc_title sc_title_default\" ><h4 class=\"sc_item_title sc_title_title sc_item_title_style_default sc_item_title_tag trx_addons_inline_1872949316\"\n\t\t\t><span class=\"sc_item_title_text\">Responsible publisher<\/span><\/h4><\/div>\t\t<\/div>\n\t\t\t\t<\/div>\n\t\t\t\t<div class=\"elementor-element elementor-element-4262aa7 sc_layouts_hide_on_tablet sc_fly_static elementor-widget elementor-widget-spacer\" data-id=\"4262aa7\" data-element_type=\"widget\" data-widget_type=\"spacer.default\">\n\t\t\t\t<div class=\"elementor-widget-container\">\n\t\t\t\t\t<div class=\"elementor-spacer\">\n\t\t\t<div class=\"elementor-spacer-inner\"><\/div>\n\t\t<\/div>\n\t\t\t\t<\/div>\n\t\t\t\t<\/div>\n\t\t\t\t<div class=\"elementor-element elementor-element-2313ce6 sc_fly_static elementor-widget elementor-widget-text-editor\" data-id=\"2313ce6\" data-element_type=\"widget\" data-widget_type=\"text-editor.default\">\n\t\t\t\t<div class=\"elementor-widget-container\">\n\t\t\t\t\t\t\t<p>Hotel H\u00f6ddelbusch GbR<br \/>Gem\u00fcnder Stra\u00dfe 39<br \/>53937 Schleiden<br \/><b><\/b><br \/>Email:\u00a0 <a class=\"mail\" title=\"Email an Haus H\u00f6ddelbusch senden\">info(at)hoeddelbusch(dot)de<\/a><br \/>Internet: <a class=\"internal-link\" href=\"https:\/\/hoeddelbusch.de\">https:\/\/hoeddelbusch.de<\/a><\/p><p>Mobil +49 162 653 9813<\/p>\t\t\t\t\t\t<\/div>\n\t\t\t\t<\/div>\n\t\t\t\t<div class=\"elementor-element elementor-element-db4f521 sc_height_small elementor-widget-divider--view-line sc_fly_static elementor-widget elementor-widget-divider\" data-id=\"db4f521\" data-element_type=\"widget\" data-widget_type=\"divider.default\">\n\t\t\t\t<div class=\"elementor-widget-container\">\n\t\t\t\t\t<div class=\"elementor-divider\">\n\t\t\t<span class=\"elementor-divider-separator\">\n\t\t\t\t\t\t<\/span>\n\t\t<\/div>\n\t\t\t\t<\/div>\n\t\t\t\t<\/div>\n\t\t\t\t<div class=\"elementor-element elementor-element-f69cdba sc_fly_static elementor-widget elementor-widget-text-editor\" data-id=\"f69cdba\" data-element_type=\"widget\" data-widget_type=\"text-editor.default\">\n\t\t\t\t<div class=\"elementor-widget-container\">\n\t\t\t\t\t\t\t<p>Competent supervisory authority:<\/p><p>Trade Licensing Office City of Schleiden<\/p>\t\t\t\t\t\t<\/div>\n\t\t\t\t<\/div>\n\t\t\t\t<div class=\"elementor-element elementor-element-debaf9c sc_height_small elementor-widget-divider--view-line sc_fly_static elementor-widget elementor-widget-divider\" data-id=\"debaf9c\" data-element_type=\"widget\" data-widget_type=\"divider.default\">\n\t\t\t\t<div class=\"elementor-widget-container\">\n\t\t\t\t\t<div class=\"elementor-divider\">\n\t\t\t<span class=\"elementor-divider-separator\">\n\t\t\t\t\t\t<\/span>\n\t\t<\/div>\n\t\t\t\t<\/div>\n\t\t\t\t<\/div>\n\t\t\t\t<div class=\"elementor-element elementor-element-3a9ffbb sc_fly_static elementor-widget elementor-widget-text-editor\" data-id=\"3a9ffbb\" data-element_type=\"widget\" data-widget_type=\"text-editor.default\">\n\t\t\t\t<div class=\"elementor-widget-container\">\n\t\t\t\t\t\t\t<div id=\"c235\" class=\"csc-default\"><p><strong>Responsible for content according to \u00a7 55 para. 2 RStV:<\/strong><\/p><p>Alfred Josten<br \/>Messeweg 13<br \/>B-4761 Rocherath<\/p><\/div><div id=\"c286\" class=\"csc-default\"><p>The use of the contact data in the imprint for commercial advertising is expressly not desired unless Haus H\u00f6ddelbusch has given its prior written consent or a business relationship already exists.<\/p><p>Haus H\u00f6ddelbusch hereby objects to any commercial use and disclosure of its data.<\/p><\/div>\t\t\t\t\t\t<\/div>\n\t\t\t\t<\/div>\n\t\t\t\t<div class=\"elementor-element elementor-element-cc2edfb sc_height_small elementor-widget-divider--view-line sc_fly_static elementor-widget elementor-widget-divider\" data-id=\"cc2edfb\" data-element_type=\"widget\" data-widget_type=\"divider.default\">\n\t\t\t\t<div class=\"elementor-widget-container\">\n\t\t\t\t\t<div class=\"elementor-divider\">\n\t\t\t<span class=\"elementor-divider-separator\">\n\t\t\t\t\t\t<\/span>\n\t\t<\/div>\n\t\t\t\t<\/div>\n\t\t\t\t<\/div>\n\t\t\t\t<div class=\"elementor-element elementor-element-5ba8126 sc_fly_static elementor-widget elementor-widget-trx_sc_title\" data-id=\"5ba8126\" data-element_type=\"widget\" data-widget_type=\"trx_sc_title.default\">\n\t\t\t\t<div class=\"elementor-widget-container\">\n\t\t\t<div\t\tclass=\"sc_title sc_title_default\" ><h4 class=\"sc_item_title sc_title_title sc_item_title_style_default sc_item_title_tag trx_addons_inline_1277726007\"\n\t\t\t><span class=\"sc_item_title_text\">Copyright<\/span><\/h4><\/div>\t\t<\/div>\n\t\t\t\t<\/div>\n\t\t\t\t<div class=\"elementor-element elementor-element-b00ac4d sc_layouts_hide_on_tablet sc_fly_static elementor-widget elementor-widget-spacer\" data-id=\"b00ac4d\" data-element_type=\"widget\" data-widget_type=\"spacer.default\">\n\t\t\t\t<div class=\"elementor-widget-container\">\n\t\t\t\t\t<div class=\"elementor-spacer\">\n\t\t\t<div class=\"elementor-spacer-inner\"><\/div>\n\t\t<\/div>\n\t\t\t\t<\/div>\n\t\t\t\t<\/div>\n\t\t\t\t<div class=\"elementor-element elementor-element-5d9b6d0 sc_fly_static elementor-widget elementor-widget-text-editor\" data-id=\"5d9b6d0\" data-element_type=\"widget\" data-widget_type=\"text-editor.default\">\n\t\t\t\t<div class=\"elementor-widget-container\">\n\t\t\t\t\t\t\t<div class=\"elementor-element elementor-element-44df8e5 elementor-widget elementor-widget-text-editor\" data-id=\"44df8e5\" data-element_type=\"widget\" data-widget_type=\"text-editor.default\"><div class=\"elementor-widget-container\"><p>\u00a9 2023 Hotel H\u00f6ddelbusch<\/p><p>All contents of this website (texts, data, illustrations, photos, graphics, logos, product descriptions, etc.) are protected by copyright. All company and brand names as well as their trademarks are the property of their owners and serve only to identify and describe the products.<\/p><p>\u00a9 Images: Hotel H\u00f6ddelbusch, Adobe Stock, Gaston Blanchy <\/p><\/div><\/div>\t\t\t\t\t\t<\/div>\n\t\t\t\t<\/div>\n\t\t\t\t<div class=\"elementor-element elementor-element-938f035 sc_height_small elementor-widget-divider--view-line sc_fly_static elementor-widget elementor-widget-divider\" data-id=\"938f035\" data-element_type=\"widget\" data-widget_type=\"divider.default\">\n\t\t\t\t<div class=\"elementor-widget-container\">\n\t\t\t\t\t<div class=\"elementor-divider\">\n\t\t\t<span class=\"elementor-divider-separator\">\n\t\t\t\t\t\t<\/span>\n\t\t<\/div>\n\t\t\t\t<\/div>\n\t\t\t\t<\/div>\n\t\t\t\t<div class=\"elementor-element elementor-element-17954cb sc_fly_static elementor-widget elementor-widget-trx_sc_title\" data-id=\"17954cb\" data-element_type=\"widget\" data-widget_type=\"trx_sc_title.default\">\n\t\t\t\t<div class=\"elementor-widget-container\">\n\t\t\t<div\t\tclass=\"sc_title sc_title_default\" ><h4 class=\"sc_item_title sc_title_title sc_item_title_style_default sc_item_title_tag trx_addons_inline_925050878\"\n\t\t\t><span class=\"sc_item_title_text\">Liability notice<\/span><\/h4><\/div>\t\t<\/div>\n\t\t\t\t<\/div>\n\t\t\t\t<div class=\"elementor-element elementor-element-13a8b06 sc_layouts_hide_on_tablet sc_fly_static elementor-widget elementor-widget-spacer\" data-id=\"13a8b06\" data-element_type=\"widget\" data-widget_type=\"spacer.default\">\n\t\t\t\t<div class=\"elementor-widget-container\">\n\t\t\t\t\t<div class=\"elementor-spacer\">\n\t\t\t<div class=\"elementor-spacer-inner\"><\/div>\n\t\t<\/div>\n\t\t\t\t<\/div>\n\t\t\t\t<\/div>\n\t\t\t\t<div class=\"elementor-element elementor-element-0518daa sc_fly_static elementor-widget elementor-widget-text-editor\" data-id=\"0518daa\" data-element_type=\"widget\" data-widget_type=\"text-editor.default\">\n\t\t\t\t<div class=\"elementor-widget-container\">\n\t\t\t\t\t\t\t<p>Alle Informationen in dieser\u00a0Website\u00a0wurden sorgf\u00e4ltig recherchiert. Dennoch haftet der Herausgeber nicht f\u00fcr die Richtigkeit der genannten Informationen.<br \/>Trotz sorgf\u00e4ltiger inhaltlicher Kontrolle \u00fcbernehmen wir keine Haftung f\u00fcr die Inhalte externer Links. F\u00fcr den Inhalt der verlinkten Seiten sind ausschlie\u00dflich deren Betreiber verantwortlich.<br \/>Wenn Ihnen Fehler oder falsche Informationen auf dieser Website auffallen, teilen Sie uns dies bitte schriftlich mit<\/p>\t\t\t\t\t\t<\/div>\n\t\t\t\t<\/div>\n\t\t\t\t<div class=\"elementor-element elementor-element-437a1b9 sc_height_small elementor-widget-divider--view-line sc_fly_static elementor-widget elementor-widget-divider\" data-id=\"437a1b9\" data-element_type=\"widget\" data-widget_type=\"divider.default\">\n\t\t\t\t<div class=\"elementor-widget-container\">\n\t\t\t\t\t<div class=\"elementor-divider\">\n\t\t\t<span class=\"elementor-divider-separator\">\n\t\t\t\t\t\t<\/span>\n\t\t<\/div>\n\t\t\t\t<\/div>\n\t\t\t\t<\/div>\n\t\t\t\t<div class=\"elementor-element elementor-element-723f497 sc_fly_static elementor-widget elementor-widget-trx_sc_title\" data-id=\"723f497\" data-element_type=\"widget\" data-widget_type=\"trx_sc_title.default\">\n\t\t\t\t<div class=\"elementor-widget-container\">\n\t\t\t<div\t\tclass=\"sc_title sc_title_default\" ><h4 class=\"sc_item_title sc_title_title sc_item_title_style_default sc_item_title_tag trx_addons_inline_1495590135\"\n\t\t\t><span class=\"sc_item_title_text\">Realisation and hosting<\/span><\/h4><\/div>\t\t<\/div>\n\t\t\t\t<\/div>\n\t\t\t\t<div class=\"elementor-element elementor-element-68b6778 sc_layouts_hide_on_tablet sc_fly_static elementor-widget elementor-widget-spacer\" data-id=\"68b6778\" data-element_type=\"widget\" data-widget_type=\"spacer.default\">\n\t\t\t\t<div class=\"elementor-widget-container\">\n\t\t\t\t\t<div class=\"elementor-spacer\">\n\t\t\t<div class=\"elementor-spacer-inner\"><\/div>\n\t\t<\/div>\n\t\t\t\t<\/div>\n\t\t\t\t<\/div>\n\t\t\t\t<div class=\"elementor-element elementor-element-47a416b sc_fly_static elementor-widget elementor-widget-text-editor\" data-id=\"47a416b\" data-element_type=\"widget\" data-widget_type=\"text-editor.default\">\n\t\t\t\t<div class=\"elementor-widget-container\">\n\t\t\t\t\t\t\t<p><strong>Indigo PGmbH<br \/><\/strong>Solvaystrasse 3<br \/>B-4780 SANKT VITH<br \/>Belgien<\/p><p>Tel. +32 (0)80 280 281 Fax +32 (0)80 280 288<br \/>E-Mail:\u00a0<a href=\"mailto:info@indigo.info\">info@indigo.info<\/a><\/p><p><strong>Indigoweb s\u00e0rl<br \/><\/strong>Z.I. In den Allern 6<br \/>L-9911 Troisvierges<br \/>Luxemburg<\/p><p>Tel. +352 26 90 31 28<\/p><p><a title=\"www.indigo.info\" href=\"http:\/\/www.indigo.info\/\" target=\"_blank\" rel=\"noopener noreferrer\">www.indigo.info<\/a><\/p><p>\u00a0<\/p><p><strong>Host Europe GmbH<\/strong><br \/>Welserstra\u00dfe 14<br \/>51149 Cologne<br \/>D-Germany<\/p><p>REG ID: HRB 28495<br \/>VAT ID: DE187370678<\/p>\t\t\t\t\t\t<\/div>\n\t\t\t\t<\/div>\n\t\t\t\t\t<\/div>\n\t\t<\/div>\n\t\t\t\t<div class=\"elementor-column elementor-col-50 elementor-top-column elementor-element elementor-element-186f604 sc_inner_width_none sc_content_align_inherit sc_layouts_column_icons_position_left sc_fly_static\" data-id=\"186f604\" data-element_type=\"column\">\n\t\t\t<div class=\"elementor-widget-wrap elementor-element-populated\">\n\t\t\t\t\t\t\t\t<div class=\"elementor-element elementor-element-69706ea sc_fly_static elementor-widget elementor-widget-trx_sc_title\" data-id=\"69706ea\" data-element_type=\"widget\" data-widget_type=\"trx_sc_title.default\">\n\t\t\t\t<div class=\"elementor-widget-container\">\n\t\t\t<div\t\tclass=\"sc_title sc_title_default\" ><h2 class=\"sc_item_title sc_title_title sc_item_title_style_default sc_item_title_tag trx_addons_inline_1075315680\"\n\t\t\t><span class=\"sc_item_title_text\">Privacy policy<\/span><\/h2><\/div>\t\t<\/div>\n\t\t\t\t<\/div>\n\t\t\t\t<div class=\"elementor-element elementor-element-5863fad sc_fly_static elementor-widget elementor-widget-trx_sc_title\" data-id=\"5863fad\" data-element_type=\"widget\" data-widget_type=\"trx_sc_title.default\">\n\t\t\t\t<div class=\"elementor-widget-container\">\n\t\t\t<div\t\tclass=\"sc_title sc_title_default\" ><h4 class=\"sc_item_title sc_title_title sc_item_title_style_default sc_item_title_tag trx_addons_inline_399631530\"\n\t\t\t><span class=\"sc_item_title_text\">Legal Information & Terms of Use<\/span><\/h4><\/div>\t\t<\/div>\n\t\t\t\t<\/div>\n\t\t\t\t<div class=\"elementor-element elementor-element-1f6dc9d sc_layouts_hide_on_tablet sc_fly_static elementor-widget elementor-widget-spacer\" data-id=\"1f6dc9d\" data-element_type=\"widget\" data-widget_type=\"spacer.default\">\n\t\t\t\t<div class=\"elementor-widget-container\">\n\t\t\t\t\t<div class=\"elementor-spacer\">\n\t\t\t<div class=\"elementor-spacer-inner\"><\/div>\n\t\t<\/div>\n\t\t\t\t<\/div>\n\t\t\t\t<\/div>\n\t\t\t\t<div class=\"elementor-element elementor-element-7a72710 sc_fly_static elementor-widget elementor-widget-text-editor\" data-id=\"7a72710\" data-element_type=\"widget\" data-widget_type=\"text-editor.default\">\n\t\t\t\t<div class=\"elementor-widget-container\">\n\t\t\t\t\t\t\t<p><strong>Conditions of access to the website<\/strong><\/p><p>Any person (hereinafter referred to as &#8220;User&#8221;) visiting this website is deemed to have accepted unconditionally all the terms and conditions of use of the website.<br \/>The website is accessible at all times and worldwide. The user accessing the website is solely responsible for complying with the laws and regulations in force in the country of residence or the country from which the website is accessed.<\/p><p><strong>Changes to these Terms of Use, Jurisdiction and Applicable Law<\/strong><\/p><p>These Terms of Use may be amended by the Publisher at any time. The terms of use applicable to any use of the Website are those published on the Website at the time of consultation by the User. The nullity or invalidity of any provision of these Terms of Use shall not affect the other provisions of these Terms of Use.<\/p><p><strong>Disclaimer<\/strong><\/p><p>Although all information on the website has been thoroughly checked, it is distributed for information purposes only. The publisher cannot under any circumstances be held responsible for the accuracy of the information provided or make any guarantees as to its completeness, accuracy or timeliness. All information is provided subject to change, error or omission.<br \/>The publisher also accepts no responsibility for content provided by third parties to which the website refers by means of hyperlinks.<br \/>Finally, the publisher accepts no responsibility whatsoever and excludes any warranty claims in the event of failure or poor functioning of the website. The publisher cannot be held responsible for any direct or indirect damage caused to the user as a result of accessing or using the website.<\/p>\t\t\t\t\t\t<\/div>\n\t\t\t\t<\/div>\n\t\t\t\t<div class=\"elementor-element elementor-element-8c0e225 sc_height_small elementor-widget-divider--view-line sc_fly_static elementor-widget elementor-widget-divider\" data-id=\"8c0e225\" data-element_type=\"widget\" data-widget_type=\"divider.default\">\n\t\t\t\t<div class=\"elementor-widget-container\">\n\t\t\t\t\t<div class=\"elementor-divider\">\n\t\t\t<span class=\"elementor-divider-separator\">\n\t\t\t\t\t\t<\/span>\n\t\t<\/div>\n\t\t\t\t<\/div>\n\t\t\t\t<\/div>\n\t\t\t\t<div class=\"elementor-element elementor-element-094084d sc_fly_static elementor-widget elementor-widget-trx_sc_title\" data-id=\"094084d\" data-element_type=\"widget\" data-widget_type=\"trx_sc_title.default\">\n\t\t\t\t<div class=\"elementor-widget-container\">\n\t\t\t<div\t\tclass=\"sc_title sc_title_default\" ><h4 class=\"sc_item_title sc_title_title sc_item_title_style_default sc_item_title_tag trx_addons_inline_270049796\"\n\t\t\t><span class=\"sc_item_title_text\">Privacy and data protection<\/span><\/h4><\/div>\t\t<\/div>\n\t\t\t\t<\/div>\n\t\t\t\t<div class=\"elementor-element elementor-element-ce66a4e sc_layouts_hide_on_tablet sc_fly_static elementor-widget elementor-widget-spacer\" data-id=\"ce66a4e\" data-element_type=\"widget\" data-widget_type=\"spacer.default\">\n\t\t\t\t<div class=\"elementor-widget-container\">\n\t\t\t\t\t<div class=\"elementor-spacer\">\n\t\t\t<div class=\"elementor-spacer-inner\"><\/div>\n\t\t<\/div>\n\t\t\t\t<\/div>\n\t\t\t\t<\/div>\n\t\t\t\t<div class=\"elementor-element elementor-element-c36298a sc_fly_static elementor-widget elementor-widget-text-editor\" data-id=\"c36298a\" data-element_type=\"widget\" data-widget_type=\"text-editor.default\">\n\t\t\t\t<div class=\"elementor-widget-container\">\n\t\t\t\t\t\t\t<div class=\"elementor-element elementor-element-15b385e elementor-widget elementor-widget-text-editor\" data-id=\"15b385e\" data-element_type=\"widget\" data-widget_type=\"text-editor.default\"><div class=\"elementor-widget-container\"><p><strong>Processing of personal data<\/strong><\/p><p>Personal data may only be collected and processed in accordance with the rules of data protection laws.<br \/>In certain cases, specifically when the user fills out and submits a form on the website, it is possible that certain personal data will be stored on the server. This information is considered confidential and is treated accordingly. It will therefore never be sold or passed on to third parties without the user&#8217;s prior consent.<br \/>If the website has a newsletter, the user can register there to receive regular information by e-mail. In this case, the publisher requires a valid email address, which the subscribing user submits via the corresponding form. The User confirms that he\/she is the owner of the e-mail address submitted and gives his\/her consent to receive e-mails from the Website or the Publisher. The user has the right to unsubscribe at any time.<br \/>The user has the right to access his\/her personal data in order to verify its accuracy and, if necessary, request its rectification. To do so, he\/she sends a registered letter to the publisher of the website whose contact details are indicated above.<\/p><p><strong>Use of cookies<\/strong><\/p><p>This website uses cookies<br \/>Like most websites, this website uses cookies. Cookies are small, harmless text files that in no way affect your privacy or the security of your computer.<br \/>Cookies improve the user&#8217;s comfort on the website and allow the publisher to keep anonymous website visitor statistics.<br \/>Please refer to your web browser&#8217;s instructions for information on how to prohibit or delete cookies from your computer.<br \/>The publisher informs the user that cookies are used to improve the user comfort of the website, to improve performance and to compile visitor statistics.<br \/>As the website cannot function without the use of cookies, we ask anyone who does not agree to the use of cookies to immediately end their browser session on the website.<\/p><p><strong>Use of Google Analytics<\/strong><\/p><p>This website uses Google Analytics, a web analytics service provided by Google, Inc (&#8220;Google&#8221;). Google Analytics uses &#8220;cookies&#8221;, which are text files placed on your computer, to help the website analyse how users use the site. The information generated by the cookie about your use of the website (including your IP address) will be transmitted to and stored by Google on servers in the United States. Google will use this information for the purpose of evaluating your use of the website, compiling reports on website activity for website operators and providing other services relating to website activity and internet usage.<br \/>Google may also transfer this information to third parties where required to do so by law, or where such third parties process the information on Google&#8217;s behalf. Google will not associate your IP address with any other data held by Google. You may refuse the use of cookies by selecting the appropriate settings on your browser, however please note that if you do this you may not be able to use the full functionality of this website. By using this website, you consent to the processing of data about you by Google in the manner and for the purposes set out above.<\/p><p>Version August 2023<\/p><\/div><\/div>\t\t\t\t\t\t<\/div>\n\t\t\t\t<\/div>\n\t\t\t\t\t<\/div>\n\t\t<\/div>\n\t\t\t\t\t\t\t<\/div>\n\t\t<\/section>\n\t\t\t\t<section class=\"elementor-section elementor-top-section elementor-element elementor-element-313acc0 elementor-section-boxed elementor-section-height-default elementor-section-height-default sc_fly_static\" data-id=\"313acc0\" data-element_type=\"section\">\n\t\t\t\t\t\t<div class=\"elementor-container elementor-column-gap-extended\">\n\t\t\t\t\t<div class=\"elementor-column elementor-col-100 elementor-top-column elementor-element elementor-element-72bdd8d sc_inner_width_none sc_content_align_inherit sc_layouts_column_icons_position_left sc_fly_static\" data-id=\"72bdd8d\" data-element_type=\"column\">\n\t\t\t<div class=\"elementor-widget-wrap elementor-element-populated\">\n\t\t\t\t\t\t\t\t<div class=\"elementor-element elementor-element-df8099f sc_fly_static elementor-widget elementor-widget-spacer\" data-id=\"df8099f\" data-element_type=\"widget\" data-widget_type=\"spacer.default\">\n\t\t\t\t<div class=\"elementor-widget-container\">\n\t\t\t\t\t<div class=\"elementor-spacer\">\n\t\t\t<div class=\"elementor-spacer-inner\"><\/div>\n\t\t<\/div>\n\t\t\t\t<\/div>\n\t\t\t\t<\/div>\n\t\t\t\t\t<\/div>\n\t\t<\/div>\n\t\t\t\t\t\t\t<\/div>\n\t\t<\/section>\n\t\t\t\t\t\t\t<\/div>\n\t\t","protected":false},"excerpt":{"rendered":"<p>Imprint Responsible publisher Hotel H\u00f6ddelbusch GbRGem\u00fcnder Stra\u00dfe 3953937 SchleidenEmail:\u00a0 info(at)hoeddelbusch(dot)deInternet: https:\/\/hoeddelbusch.de Mobil +49 162 653 9813 Competent supervisory authority: Trade Licensing Office City of Schleiden Responsible for content according to&hellip;<\/p>\n","protected":false},"author":1,"featured_media":0,"parent":0,"menu_order":0,"comment_status":"closed","ping_status":"closed","template":"","meta":{"_monsterinsights_skip_tracking":false,"_monsterinsights_sitenote_active":false,"_monsterinsights_sitenote_note":"","_monsterinsights_sitenote_category":0,"footnotes":""},"class_list":["post-19172","page","type-page","status-publish","hentry"],"aioseo_notices":[],"_links":{"self":[{"href":"https:\/\/hoeddelbusch.de\/en\/wp-json\/wp\/v2\/pages\/19172","targetHints":{"allow":["GET"]}}],"collection":[{"href":"https:\/\/hoeddelbusch.de\/en\/wp-json\/wp\/v2\/pages"}],"about":[{"href":"https:\/\/hoeddelbusch.de\/en\/wp-json\/wp\/v2\/types\/page"}],"author":[{"embeddable":true,"href":"https:\/\/hoeddelbusch.de\/en\/wp-json\/wp\/v2\/users\/1"}],"replies":[{"embeddable":true,"href":"https:\/\/hoeddelbusch.de\/en\/wp-json\/wp\/v2\/comments?post=19172"}],"version-history":[{"count":17,"href":"https:\/\/hoeddelbusch.de\/en\/wp-json\/wp\/v2\/pages\/19172\/revisions"}],"predecessor-version":[{"id":19686,"href":"https:\/\/hoeddelbusch.de\/en\/wp-json\/wp\/v2\/pages\/19172\/revisions\/19686"}],"wp:attachment":[{"href":"https:\/\/hoeddelbusch.de\/en\/wp-json\/wp\/v2\/media?parent=19172"}],"curies":[{"name":"wp","href":"https:\/\/api.w.org\/{rel}","templated":true}]}}